{"id":30,"date":"2018-06-04T19:53:26","date_gmt":"2018-06-04T17:53:26","guid":{"rendered":"http:\/\/ceradruck.de\/cera\/?page_id=30"},"modified":"2020-05-20T11:29:06","modified_gmt":"2020-05-20T09:29:06","slug":"impressum","status":"publish","type":"page","link":"https:\/\/ceradruck.de\/cera\/impressum\/","title":{"rendered":"Impressum"},"content":{"rendered":"<p>Verantwortlich f\u00fcr den Inhalt:<\/p>\n<p>CERADRUCK keramische und technisch-graphische Druckerzeugnisse GmbH<br \/>\nChristian-Eckardt-Stra\u00dfe 39<br \/>\n07768 Kahla<br \/>\nDeutschland<\/p>\n<p>Telefon: +49 (0) 3 64 24 &#8211; 7000<br \/>\nFax: +49 (0) 3 6424 &#8211; 70015<\/p>\n<p>e-mail: info@ceradruck.de<\/p>\n<p>Gesch\u00e4ftsf\u00fchrung<\/p>\n<p>Gesch\u00e4ftsf\u00fchrender Gesellschafter: Mathias Rahtjen<\/p>\n<p>Sitz: Kahla\/Th\u00fcringen<br \/>\nEingetragen beim Amtsgericht Jena, HRB 206059<\/p>\n<p>CERADRUCK keramische und technisch-graphische Druckerzeugnisse GmbH stellt die Inhalte dieser Internetseiten mit gro\u00dfer Sorgfalt zusammen und sorgt f\u00fcr die regelm\u00e4\u00dfige Aktualisierung der Informationen.<br \/>\nTrotz dessen \u00fcbernimmt das Unternehmen keine Gew\u00e4hr f\u00fcr die Aktualit\u00e4t, Richtigkeit und Vollst\u00e4ndigkeit der Inhalte des Webangebotes. Bei Verweisen auf die Internetseiten Dritter im Sinne von Hyperlinks \u00fcbernimmt die CERADRUCK keramische und technisch-graphische Druckerzeugnisse GmbH keine Verantwortung f\u00fcr die Inhalte der verlinkten Seiten.<br \/>\nMit dem Bet\u00e4tigen eines der oben benannten Verweise verlassen Sie das Informationsangebot der CERADRUCK keramische und technisch-graphische Druckerzeugnisse GmbH. F\u00fcr die Angebote Dritter k\u00f6nnen daher abweichende Regelungen gelten. Weiterhin schlie\u00dft die CERADRUCK keramische und technisch-graphische Druckerzeugnisse GmbH ihre Haftung f\u00fcr leicht fahrl\u00e4ssige Pflichtverletzungen aus.<\/p>\n<p>\u00a9 Copyright 2018 , CERADRUCK keramische und technisch-graphische DruckerzeugnisseGmbH<\/p>\n<p>Alle Rechte vorbehalten. Text, Bilder, Grafiken und Animationen sowie deren Anordnung auf der Website der CERADRUCK keramische und technisch-graphische Druckerzeugnisse GmbH unterliegen dem Schutz des Urheberrechts und anderer Schutzgesetze. Der Inhalt dieser Website darf nicht ohne ausdr\u00fcckliche, schriftliche Zustimmung der CERADRUCK keramische und technisch-graphische Druckerzeugnisse GmbH zu kommerziellen Zwecken kopiert, verbreitet, ver\u00e4ndert oder Dritten zug\u00e4nglich gemacht werden.<\/p>\n","protected":false},"excerpt":{"rendered":"<p>Verantwortlich f\u00fcr den Inhalt: CERADRUCK keramische und technisch-graphische Druckerzeugnisse GmbH Christian-Eckardt-Stra\u00dfe 39 07768 Kahla Deutschland Telefon: +49 (0) 3 64 24 &#8211; 7000 Fax: +49 (0) 3 6424 &#8211; 70015 e-mail: info@ceradruck.de Gesch\u00e4ftsf\u00fchrung Gesch\u00e4ftsf\u00fchrender Gesellschafter: Mathias Rahtjen Sitz: Kahla\/Th\u00fcringen Eingetragen beim Amtsgericht Jena, HRB 206059 CERADRUCK &hellip; <\/p>\n<p><a href=\"https:\/\/ceradruck.de\/cera\/impressum\/\" class=\"more-link\"><span class=\"morelink-icon\">Weiterlesen<\/span><\/a><\/p>\n","protected":false},"author":1,"featured_media":0,"parent":0,"menu_order":0,"comment_status":"closed","ping_status":"closed","template":"","meta":{"footnotes":""},"class_list":["post-30","page","type-page","status-publish","hentry"],"_links":{"self":[{"href":"https:\/\/ceradruck.de\/cera\/wp-json\/wp\/v2\/pages\/30"}],"collection":[{"href":"https:\/\/ceradruck.de\/cera\/wp-json\/wp\/v2\/pages"}],"about":[{"href":"https:\/\/ceradruck.de\/cera\/wp-json\/wp\/v2\/types\/page"}],"author":[{"embeddable":true,"href":"https:\/\/ceradruck.de\/cera\/wp-json\/wp\/v2\/users\/1"}],"replies":[{"embeddable":true,"href":"https:\/\/ceradruck.de\/cera\/wp-json\/wp\/v2\/comments?post=30"}],"version-history":[{"count":0,"href":"https:\/\/ceradruck.de\/cera\/wp-json\/wp\/v2\/pages\/30\/revisions"}],"wp:attachment":[{"href":"https:\/\/ceradruck.de\/cera\/wp-json\/wp\/v2\/media?parent=30"}],"curies":[{"name":"wp","href":"https:\/\/api.w.org\/{rel}","templated":true}]}}