{"id":311,"date":"2020-05-20T10:40:22","date_gmt":"2020-05-20T08:40:22","guid":{"rendered":"http:\/\/ceradruck.de\/cera\/?page_id=311"},"modified":"2020-05-20T10:45:57","modified_gmt":"2020-05-20T08:45:57","slug":"agb","status":"publish","type":"page","link":"https:\/\/ceradruck.de\/cera\/agb\/","title":{"rendered":"Allgemeine Gesch\u00e4ftsbedingungen der CERADRUCK GmbH"},"content":{"rendered":"\n<p><strong>Geltungsbereich<\/strong><\/p>\n\n\n\n<p>Alle Lieferungen und Leistungen einschl. Beratungsleistungen, Ausk\u00fcnfte u.a. erfolgen ausschlie\u00dflich auf Grundlage unserer nachstehenden allgemeinen Liefer- und Zahlungsbedingungen, sofern sie nicht mit unserer ausdr\u00fccklichen schriftlichen Zustimmung abge\u00e4ndert oder ausgeschlossen werden. Entgegenstehende oder von unseren allgemeinen Liefer- und Zahlungsbedingungen abweichende Bedingungen des Vertragspartners erkennen wir nicht an, es sei denn, dass ihrer Geltung ausdr\u00fccklich schriftlich zugestimmt wurde. Soweit der Vertragspartner Unternehmer im Sinne von \u00a7 14 BGB ist, gelten diese Bedingungen auch f\u00fcr alle k\u00fcnftigen Gesch\u00e4fte mit dem Vertragspartner.<\/p>\n\n\n\n<hr class=\"wp-block-separator\"\/>\n\n\n\n<p><strong>Angebot und Vertragsabschluss<\/strong><\/p>\n\n\n\n<p>Unsere Angebote sind freibleibend und werden erst durch unsere schriftliche Auftragsbest\u00e4tigung verbindlich. Durch unsere Mitarbeiter m\u00fcndlich oder fernm\u00fcndlich abgegebene Erkl\u00e4rungen sowie Nebenabreden bed\u00fcrfen zu ihrer Wirksamkeit ebenfalls unserer schriftlichen Best\u00e4tigung. Weicht nach Auffassung des Vertragspartners unsere Auftragsbest\u00e4tigung von seiner Bestellung ab, so hat er unverz\u00fcglich nach Erhalt, sp\u00e4testens am n\u00e4chsten Arbeitstag schriftlich die vermeintlichen Abweichungen zu r\u00fcgen, da ansonsten die Auftragsbest\u00e4tigung als richtig und beiderseitig verbindlich gilt. Nachtr\u00e4gliche \u00c4nder-ungsw\u00fcnsche, die nach Stand der Auftragsarbeiten Mehrkosten verursachen, werden von uns nur gegen Berechnung dieser Mehrkosten und entsprechender Verl\u00e4ngerung der Lieferfrist ausgef\u00fchrt. Diese \u00c4nderungen bed\u00fcrfen unserer schriftlichen Best\u00e4tigung.<\/p>\n\n\n\n<hr class=\"wp-block-separator\"\/>\n\n\n\n<p><strong>Lieferbedingungen<\/strong><\/p>\n\n\n\n<p>Den Versand nehmen wir f\u00fcr den Auftraggeber mit der gebotenen Sorgfalt vor, haften jedoch nur f\u00fcr den Vorsatz und grobe Fahrl\u00e4ssigkeit. Die Ware ist nach den jeweiligen Speditionsbedingungen des Transportf\u00fchrers versichert. Liefertermine sind nur g\u00fcltig, wenn sie von uns ausdr\u00fccklich best\u00e4tigt werden. Wird der Vertrag schriftlich abgeschlossen, bedarf auch die Best\u00e4tigung \u00fcber den Liefertermin der Schriftform. Geraten wir mit unseren Leistungen in Verzug, so ist zun\u00e4chst eine angemessene Nachfrist zu gew\u00e4hren. Nach fruchtlosem Ablauf der Nachfrist kann der Auftraggeber vom Vertrag zur\u00fccktreten. \u00a7 361 BGB bleibt unber\u00fchrt. Ersatz des Verzugsschadens kann nur bis zur H\u00f6he des Auftragswertes (Eigenleistung ausschlie\u00dflich Vorleistung und Material) verlangt werden. Betriebsst\u00f6rungen &#8211; sowohl bei uns als auch im Betrieb eines Zulieferers &#8211; insbesondere Streik, Aussperrung, Krieg, Aufruhr sowie alle sonstigen F\u00e4lle h\u00f6herer Gewalt, berechtigen nicht zur K\u00fcndigung des Vertragsverh\u00e4ltnisses. Die Grunds\u00e4tze \u00fcber den Wegfall der Gesch\u00e4ftsgrundlage bleiben unber\u00fchrt.<\/p>\n\n\n\n<hr class=\"wp-block-separator\"\/>\n\n\n\n<p><strong>Zahlungsbedingungen<\/strong><\/p>\n\n\n\n<p>Die Zahlung des Rechnungspreises (Nettopreis zuz\u00fcglich gesetzlicher Mehrwertsteuer) hat innerhalb der in der jeweiligen Rechnung aufgef\u00fchrten Zahlungsfristen zu erfolgen. Die Zahlung durch Wechsel unterliegt vorheriger Vereinbarung. Bank\u00fcbliche Spesen gehen zu Lasten des Wechselgebers. Bei gr\u00f6\u00dferen Auftr\u00e4gen sind wir berechtigt, Teilrechnungen auszustellen oder Vorauszahlung zu fordern. Bei Zahlungsverzug sind Verzugszinsen in H\u00f6he von 2 % \u00fcber dem jeweiligen Diskontsatz zu zahlen. Die Geltendmachung weiteren Verzugsschadens wird hierdurch nicht ausgeschlossen. Bei Bank\u00fcberweisungen und Schecks gilt der Tag, an dem die Gutschriftanzeige bei uns eingeht, als Zahlungseingang. Dem Auftraggeber steht ohne besondere Vereinbarung, gleichg\u00fcltig aus welchem Rechtsgrund, ein Aufrechnungs- und Zur\u00fcckbehaltungsrecht nicht zu. Wird eine wesentliche Verschlechterung in den Verm\u00f6gensverh\u00e4ltnissen des Auftraggebers bekannt, oder ger\u00e4t er mit der Zahlung in Verzug, so steht dem Lieferanten das Recht zu, sofortige Zahlung aller offenen, aber auch der noch nicht f\u00e4lligen Rechnungen zu verlangen. Auch f\u00fcr angefangene, aber auch nicht beendete Auftr\u00e4ge kann eine Zwischenrechnung gestellt werden. Wir haben das Recht, die Weiterarbeit an den laufenden Auftr\u00e4gen des Auftraggebers einzustellen. Soweit die vorstehenden Zahlungsbedingungen zugunsten des Auftraggebers abge\u00e4ndert werden, hat dieser alle f\u00fcr den Lieferanten damit verbundenen Kosten zu tragen.<\/p>\n\n\n\n<hr class=\"wp-block-separator\"\/>\n\n\n\n<p><strong>Mehr- oder Minderlieferungen<\/strong><\/p>\n\n\n\n<p>Im Allgemeinen wird die vorgeschriebene Auflage geliefert. Der Auftraggeber ist verpflichtet, ein Mehr- oder Minderergebnis der bestellten Auflage bis zu 10 % anzuerkennen.<\/p>\n\n\n\n<hr class=\"wp-block-separator\"\/>\n\n\n\n<p><strong>Eigentumsvorbehalt<\/strong><\/p>\n\n\n\n<p>Die gelieferte Ware bleibt bis zur vollen Bezahlung des vereinbarten Preises oder bis zur Einl\u00f6sung der daf\u00fcr gegebenen Schecks oder Wechsel unser Eigentum. Sie darf vor voller Bezahlung oder vor Einl\u00f6sung der daf\u00fcr hingegebenen Wechsel oder Schecks ohne unsere Zustimmung weder verpf\u00e4ndet noch zur Sicherstellung \u00fcbereignet werden. Zum Weiterverkauf der Vorbehaltsware ist der Auftraggeber nur mit der Ma\u00dfgabe berechtigt und erm\u00e4chtigt, da\u00df die Kaufpreisforderung aus dem Weiterverkauf an uns \u00fcbergeht. Die Forderungen des Auftraggebers aus dem Weiterverkauf der Vorbehaltsware werden bereits jetzt an uns abgetreten, die wir hiermit annehmen.&nbsp;<\/p>\n\n\n\n<hr class=\"wp-block-separator\"\/>\n\n\n\n<p><strong>Erf\u00fcllungsort und Gerichtsstand<\/strong> f\u00fcr Lieferungen und Zahlungen sowie f\u00fcr alle anderen aus dem Vertragsverh\u00e4ltnis entstehenden Anspr\u00fcche und Rechtsstreitigkeiten einschlie\u00dflich Wechsel- und Urkundenprozesse ist Gera.<\/p>\n\n\n\n<hr class=\"wp-block-separator\"\/>\n\n\n\n<p><strong>Verpackung<\/strong> aus Papier oder Pappe wird zu Selbstkosten berechnet und nicht zur\u00fcckgenommen. Versicherungen: wenn die uns \u00fcbergebenen Originale usw. gegen Sch\u00e4den oder Gefahr versichert werden sollen, so hat der Auftraggeber die Versicherung selbst zu besorgen, andernfalls kann nur eigen\u00fcbliche Sorgfalt verlangt werden.<\/p>\n\n\n\n<hr class=\"wp-block-separator\"\/>\n\n\n\n<p><strong>M\u00fcndliche Abmachungen<\/strong> bed\u00fcrfen zu Ihrer Verbindlichkeit schriftlicher Best\u00e4tigung.<\/p>\n\n\n\n<hr class=\"wp-block-separator\"\/>\n\n\n\n<p><strong>Skizzen, Entw\u00fcrfe, Probedrucke und Muster<\/strong>, sowie fotografische Aufnahmen werden berechnet, auch wenn der Auftrag hierzu nicht erteilt wird.<\/p>\n\n\n\n<hr class=\"wp-block-separator\"\/>\n\n\n\n<p><strong>Korrekturabz\u00fcge, Einpa\u00dfdrucke und Andrucke<\/strong> sind vom Auftraggeber auf Satz- und sonstige Fehler, auf Farbverbindlichkeit zu \u00fcberpr\u00fcfen und uns druckreif erkl\u00e4rt zu \u00fcbergeben. Wir haften nicht f\u00fcr vom Auftraggeber \u00fcbersehene Fehler. Fernm\u00fcndlich aufgegebene \u00c4nderungen bed\u00fcrfen der schriftlichen Best\u00e4tigung.<\/p>\n\n\n\n<hr class=\"wp-block-separator\"\/>\n\n\n\n<p><strong>Urheberrecht<\/strong><\/p>\n\n\n\n<p>F\u00fcr die Pr\u00fcfung des Rechts der Vervielf\u00e4ltigung aller Arbeiten, sowie des Rechts der Darstellung von auftragsgem\u00e4\u00df hergestellten Arbeiten tr\u00e4gt der Auftraggeber die Verantwortung. Lithographien, Kopievorlagen und dergleichen bleiben unser Eigentum, auch wenn sie gesondert in Rechnung gestellt wurden.<\/p>\n\n\n\n<hr class=\"wp-block-separator\"\/>\n\n\n\n<p><strong>Beanstandungen<\/strong><\/p>\n\n\n\n<p>Der Auftraggeber hat die Vertragsgem\u00e4\u00dfheit der gelieferten Ware sowie der zur Korrektur \u00fcbersandten Vor- und Zwischenerzeugnisse in jedem Fall zu pr\u00fcfen. Die Gefahr etwaiger Fehler geht mit der Druckreiferkl\u00e4rung auf den Auftraggeber \u00fcber, soweit es sich nicht um Fehler handelt, die erst in dem sich an die Druckreiferkl\u00e4rung anschlie\u00dfenden Fertigungsvorgang entstanden sind oder erkannt werden konnten. Das gleiche gilt f\u00fcr alle sonstigen Freigabeerkl\u00e4rungen des Auftraggebers zur weiteren Herstellung. Von einbrennbaren Drucken ist vor der endg\u00fcltigen Verarbeitung ein Probebrand unter Produktionsbedingungen zu machen. Beanstandungen sind nur innerhalb einer Woche nach Empfang der Ware zul\u00e4ssig. Versteckte M\u00e4ngel, die nach der unverz\u00fcglichen Untersuchung nicht zu finden sind, d\u00fcrfen nur gegen uns geltend gemacht werden, wenn die M\u00e4ngelr\u00fcge innerhalb von 6 Monaten, nachdem die Ware das Lieferwerk verlassen hat, bei uns eintrifft. Bei berechtigten Beanstandungen sind wir nach unserer Wahl unter Ausschlu\u00df aller Anspr\u00fcche zur Nachbesserung und\/oder Ersatzlieferung verpflichtet und zwar bis zur H\u00f6he des Auftragswertes, es sei denn, uns oder unseren Erf\u00fcllungsgehilfen fallen Vorsatz oder grobe Fahrl\u00e4ssigkeit zur Last. Das gleiche gilt f\u00fcr den Fall einer berechtigten Beanstandung der Nachbesserung oder Ersatzlieferung. Im Falle verz\u00f6gerter, unterlassener oder misslungenen Nachbesserung oder Ersatzlieferung kann der Auftraggeber jedoch vom Vertrag zur\u00fccktreten. \u00a7 361 BGB bleibt unber\u00fchrt. Die Haftung f\u00fcr Mangelfolgesch\u00e4den wird ausgeschlossen, es sei denn, uns oder unseren Erf\u00fcllungsgehilfen fallen Vorsatz oder grobe Fahrl\u00e4ssigkeit zur Last. Hat der Auftrag Lohnveredelungsarbeiten oder Weiterverarbeitung von Druckerzeugnissen zum Gegenstand, so haften wir nicht f\u00fcr die dadurch verursachten Beeintr\u00e4chtigungen des zu veredelnden oder weiterzuverarbeitenden Erzeugnisses, sofern nicht der Schaden vors\u00e4tzlich oder grob fahrl\u00e4ssig verursacht wurde. M\u00e4ngel eines Teils der gelieferten Ware berechtigen nicht zur Beanstandung der gesamten Lieferung, es ei denn, da\u00df die Teillieferung f\u00fcr den Auftraggeber ohne Interesse ist. Bei farbigen Reproduktionen in allen Druckverfahren, k\u00f6nnen geringf\u00fcgige Abweichungen vom Original nicht beanstandet werden. Das gleiche gilt f\u00fcr den Vergleich zwischen Andrucken und Auflagendruck. F\u00fcr Abweichungen und der Beschaffenheit des eingesetzten Materials haften wir nur bis zur H\u00f6he der eigenen Anspr\u00fcche gegen den jeweiligen Zulieferanten. In einem solchen Fall sind wir von unserer Haftung befreit, wenn wir unsere Anspr\u00fcche gegen die Zulieferanten an den Auftraggeber abtreten. Wir haften wie ein B\u00fcrge, soweit Anspr\u00fcche gegen den Zulieferanten durch unser Verschulden nicht bestehen oder solche Anspr\u00fcche nicht durchsetzbar sind.<\/p>\n\n\n\n<hr class=\"wp-block-separator\"\/>\n\n\n\n<p><strong>Preise<\/strong><\/p>\n\n\n\n<p>Unsere Preise verstehen sich netto ab Werk Kahla, zzgl. Verpackung, Porto und der am Tag der Rechnungslegung g\u00fcltigen gesetzlichen Mehrwertsteuer in EURO.<\/p>\n\n\n\n<hr class=\"wp-block-separator\"\/>\n\n\n\n<p><strong>Datenschutz<\/strong><\/p>\n\n\n\n<p>Unsere Datenschutzerkl\u00e4rung finden Sie <a href=\"https:\/\/ceradruck.de\/cera\/datenschutzerklaerung\/\">hier<\/a>.<\/p>\n\n\n\n<p><em>Stand: 01.05.2020<\/em><\/p>\n","protected":false},"excerpt":{"rendered":"<p>Geltungsbereich Alle Lieferungen und Leistungen einschl. Beratungsleistungen, Ausk\u00fcnfte u.a. erfolgen ausschlie\u00dflich auf Grundlage unserer nachstehenden allgemeinen Liefer- und Zahlungsbedingungen, sofern sie nicht mit unserer ausdr\u00fccklichen schriftlichen Zustimmung abge\u00e4ndert oder ausgeschlossen werden. Entgegenstehende oder von unseren allgemeinen Liefer- und Zahlungsbedingungen abweichende Bedingungen des Vertragspartners erkennen wir nicht &hellip; <\/p>\n<p><a href=\"https:\/\/ceradruck.de\/cera\/agb\/\" class=\"more-link\"><span class=\"morelink-icon\">Weiterlesen<\/span><\/a><\/p>\n","protected":false},"author":1,"featured_media":0,"parent":0,"menu_order":0,"comment_status":"closed","ping_status":"closed","template":"","meta":{"footnotes":""},"class_list":["post-311","page","type-page","status-publish","hentry"],"_links":{"self":[{"href":"https:\/\/ceradruck.de\/cera\/wp-json\/wp\/v2\/pages\/311"}],"collection":[{"href":"https:\/\/ceradruck.de\/cera\/wp-json\/wp\/v2\/pages"}],"about":[{"href":"https:\/\/ceradruck.de\/cera\/wp-json\/wp\/v2\/types\/page"}],"author":[{"embeddable":true,"href":"https:\/\/ceradruck.de\/cera\/wp-json\/wp\/v2\/users\/1"}],"replies":[{"embeddable":true,"href":"https:\/\/ceradruck.de\/cera\/wp-json\/wp\/v2\/comments?post=311"}],"version-history":[{"count":0,"href":"https:\/\/ceradruck.de\/cera\/wp-json\/wp\/v2\/pages\/311\/revisions"}],"wp:attachment":[{"href":"https:\/\/ceradruck.de\/cera\/wp-json\/wp\/v2\/media?parent=311"}],"curies":[{"name":"wp","href":"https:\/\/api.w.org\/{rel}","templated":true}]}}