{"id":99,"date":"2018-06-05T11:17:31","date_gmt":"2018-06-05T09:17:31","guid":{"rendered":"http:\/\/ceradruck.de\/cera\/?page_id=99"},"modified":"2019-05-02T16:05:27","modified_gmt":"2019-05-02T14:05:27","slug":"menschen","status":"publish","type":"page","link":"https:\/\/ceradruck.de\/cera\/menschen\/","title":{"rendered":"Menschen"},"content":{"rendered":"\n<p>CERADRUCK GmbH steht f\u00fcr Vertrauen, Erfahrung, Kompetenz und hohe Qualit\u00e4t. Dass wir jedem einzelnen Auftrag zu h\u00f6chster Qualit\u00e4t verpflichtet sind, das ist unser Versprechen.<br>\nWir kennen viele unserer Kunden pers\u00f6nlich und arbeiten entsprechend vertrauensvoll mit unseren Kunden zusammen. Gerne auch mit Ihnen. Aber zun\u00e4chst stellen wir uns hier gerne vor:<br><\/p>\n\n\n<div id='team' class='widgets_on_page wop_tiny1  wop_small1  wop_medium1  wop_large1  wop_wide1'>\n\t\t\t<ul><li id=\"dorayaki_service-6\" class=\"widget widget_dorayaki_service\">\n\t\t\t<a class=\"service-box\" href=\"\">\n\t\t\t\t<img decoding=\"async\" src=\"http:\/\/ceradruck.de\/cera\/wp-content\/uploads\/2019\/05\/ceradruck_gf_mathias_rahtjen.jpg\" alt=\"\" class=\"service-img\">\n\t\t\t\t<span class=\"service-name\"><\/span>\n\t\t\t\t<span class=\"service-info\">Mathias Rahtjen - Gesch\u00e4ftsf\u00fchrer<\/span>\n\t\t\t<\/a><!-- end .service-box -->\n\n\t   <\/li><li id=\"dorayaki_service-7\" class=\"widget widget_dorayaki_service\">\n\t\t\t<a class=\"service-box\" href=\"\">\n\t\t\t\t<img decoding=\"async\" src=\"http:\/\/ceradruck.de\/cera\/wp-content\/uploads\/2019\/05\/ceradruck_ver_kerstin_rahtjen.jpg\" alt=\"\" class=\"service-img\">\n\t\t\t\t<span class=\"service-name\"><\/span>\n\t\t\t\t<span class=\"service-info\">Kerstin Rahtjen - Prokuristin, Verkauf<\/span>\n\t\t\t<\/a><!-- end .service-box -->\n\n\t   <\/li><li id=\"dorayaki_service-8\" class=\"widget widget_dorayaki_service\">\n\t\t\t<a class=\"service-box\" href=\"\">\n\t\t\t\t<img decoding=\"async\" src=\"http:\/\/ceradruck.de\/cera\/wp-content\/uploads\/2019\/05\/ceradruck_auftrag.jpg\" alt=\"\" class=\"service-img\">\n\t\t\t\t<span class=\"service-name\"><\/span>\n\t\t\t\t<span class=\"service-info\">4 Personen in der Auftragsvorbereitung.<\/span>\n\t\t\t<\/a><!-- end .service-box -->\n\n\t   <\/li><li id=\"dorayaki_service-17\" class=\"widget widget_dorayaki_service\">\n\t\t\t<a class=\"service-box\" href=\"\">\n\t\t\t\t<img decoding=\"async\" src=\"http:\/\/ceradruck.de\/cera\/wp-content\/uploads\/2019\/05\/ceradruck_vorstufe.jpg\" alt=\"\" class=\"service-img\">\n\t\t\t\t<span class=\"service-name\"><\/span>\n\t\t\t\t<span class=\"service-info\">3 Personen mit digitalem Fingerspitzengef\u00fchl \u2013 Druckvorstufe<\/span>\n\t\t\t<\/a><!-- end .service-box -->\n\n\t   <\/li><li id=\"dorayaki_service-15\" class=\"widget widget_dorayaki_service\">\n\t\t\t<a class=\"service-box\" href=\"\">\n\t\t\t\t<img decoding=\"async\" src=\"http:\/\/ceradruck.de\/cera\/wp-content\/uploads\/2019\/05\/ceradruck_drucksaal_3.jpg\" alt=\"\" class=\"service-img\">\n\t\t\t\t<span class=\"service-name\"><\/span>\n\t\t\t\t<span class=\"service-info\">9 motivierte, professionelle Siebdrucker finalisieren ihre Werke \u2013 Drucksaal.<\/span>\n\t\t\t<\/a><!-- end .service-box -->\n\n\t   <\/li><li id=\"dorayaki_service-16\" class=\"widget widget_dorayaki_service\">\n\t\t\t<a class=\"service-box\" href=\"\">\n\t\t\t\t<img decoding=\"async\" src=\"http:\/\/ceradruck.de\/cera\/wp-content\/uploads\/2019\/05\/ceradruck_farblager_2.jpg\" alt=\"\" class=\"service-img\">\n\t\t\t\t<span class=\"service-name\"><\/span>\n\t\t\t\t<span class=\"service-info\">Unser Farblager und deren kompetente Leitung ist nur ein Baustein zum perfekten Druckbild.<\/span>\n\t\t\t<\/a><!-- end .service-box -->\n\n\t   <\/li><li id=\"dorayaki_service-18\" class=\"widget widget_dorayaki_service\">\n\t\t\t<a class=\"service-box\" href=\"\">\n\t\t\t\t<img decoding=\"async\" src=\"http:\/\/ceradruck.de\/cera\/wp-content\/uploads\/2019\/05\/ceradruck_quali.jpg\" alt=\"\" class=\"service-img\">\n\t\t\t\t<span class=\"service-name\"><\/span>\n\t\t\t\t<span class=\"service-info\">Wir haben nicht nur ein sondern gleich zwei wachsame Augen in der Qualit\u00e4tskontrolle.<\/span>\n\t\t\t<\/a><!-- end .service-box -->\n\n\t   <\/li><li id=\"dorayaki_service-22\" class=\"widget widget_dorayaki_service\">\n\t\t\t<a class=\"service-box\" href=\"\">\n\t\t\t\t<img decoding=\"async\" src=\"http:\/\/ceradruck.de\/cera\/wp-content\/uploads\/2019\/05\/ceradruck_versand.jpg\" alt=\"\" class=\"service-img\">\n\t\t\t\t<span class=\"service-name\"><\/span>\n\t\t\t\t<span class=\"service-info\">Ebenso motiviert und talentiert, unser Organisationstalent im Versand.<\/span>\n\t\t\t<\/a><!-- end .service-box -->\n\n\t   <\/li><\/ul><\/div><!-- widgets_on_page -->\n\n\n<p><\/p>\n","protected":false},"excerpt":{"rendered":"<p>CERADRUCK GmbH steht f\u00fcr Vertrauen, Erfahrung, Kompetenz und hohe Qualit\u00e4t. Dass wir jedem einzelnen Auftrag zu h\u00f6chster Qualit\u00e4t verpflichtet sind, das ist unser Versprechen. Wir kennen viele unserer Kunden pers\u00f6nlich und arbeiten entsprechend vertrauensvoll mit unseren Kunden zusammen. Gerne auch mit Ihnen. Aber zun\u00e4chst stellen wir &hellip; <\/p>\n<p><a href=\"https:\/\/ceradruck.de\/cera\/menschen\/\" class=\"more-link\"><span class=\"morelink-icon\">Weiterlesen<\/span><\/a><\/p>\n","protected":false},"author":1,"featured_media":0,"parent":0,"menu_order":0,"comment_status":"closed","ping_status":"closed","template":"","meta":{"footnotes":""},"class_list":["post-99","page","type-page","status-publish","hentry"],"_links":{"self":[{"href":"https:\/\/ceradruck.de\/cera\/wp-json\/wp\/v2\/pages\/99"}],"collection":[{"href":"https:\/\/ceradruck.de\/cera\/wp-json\/wp\/v2\/pages"}],"about":[{"href":"https:\/\/ceradruck.de\/cera\/wp-json\/wp\/v2\/types\/page"}],"author":[{"embeddable":true,"href":"https:\/\/ceradruck.de\/cera\/wp-json\/wp\/v2\/users\/1"}],"replies":[{"embeddable":true,"href":"https:\/\/ceradruck.de\/cera\/wp-json\/wp\/v2\/comments?post=99"}],"version-history":[{"count":0,"href":"https:\/\/ceradruck.de\/cera\/wp-json\/wp\/v2\/pages\/99\/revisions"}],"wp:attachment":[{"href":"https:\/\/ceradruck.de\/cera\/wp-json\/wp\/v2\/media?parent=99"}],"curies":[{"name":"wp","href":"https:\/\/api.w.org\/{rel}","templated":true}]}}